{"id":23,"date":"2024-04-18T08:06:37","date_gmt":"2024-04-18T08:06:37","guid":{"rendered":"https:\/\/laplazitatattoo.com\/?page_id=23"},"modified":"2024-05-28T10:04:40","modified_gmt":"2024-05-28T08:04:40","slug":"reservar-cita","status":"publish","type":"page","link":"https:\/\/laplazitatattoo.com\/en\/reservar-cita\/","title":{"rendered":"Book Appointment"},"content":{"rendered":"\t\t<div data-elementor-type=\"wp-page\" data-elementor-id=\"23\" class=\"elementor elementor-23\" data-elementor-post-type=\"page\">\n\t\t\t\t<div class=\"elementor-element elementor-element-3a2e84b e-con-full e-flex e-con e-parent\" data-id=\"3a2e84b\" data-element_type=\"container\" data-e-type=\"container\" data-settings=\"{&quot;background_background&quot;:&quot;video&quot;,&quot;background_video_link&quot;:&quot;https:\\\/\\\/laplazitatattoo.com\\\/wp-content\\\/uploads\\\/2024\\\/05\\\/animacion_lpt.mp4&quot;,&quot;background_play_on_mobile&quot;:&quot;yes&quot;,&quot;background_video_start&quot;:0,&quot;background_video_end&quot;:70}\">\n\t\t<div class=\"elementor-background-video-container\">\n\t\t\t\t\t\t\t<video class=\"elementor-background-video-hosted\" role=\"presentation\" autoplay muted playsinline loop><\/video>\n\t\t\t\t\t<\/div><div class=\"elementor-element elementor-element-807f01d e-con-full e-flex e-con e-child\" data-id=\"807f01d\" data-element_type=\"container\" data-e-type=\"container\" data-settings=\"{&quot;background_background&quot;:&quot;classic&quot;}\">\n\t\t\t\t<div class=\"elementor-element elementor-element-62be989 elementor-widget elementor-widget-heading\" data-id=\"62be989\" data-element_type=\"widget\" data-e-type=\"widget\" data-widget_type=\"heading.default\">\n\t\t\t\t<div class=\"elementor-widget-container\">\n\t\t\t\t\t<h2 class=\"elementor-heading-title elementor-size-default\">RESERVAR CITA<\/h2>\t\t\t\t<\/div>\n\t\t\t\t<\/div>\n\t\t\t\t<\/div>\n\t\t\t\t<\/div>\n\t\t<div class=\"elementor-element elementor-element-4504999 e-con-full e-flex e-con e-parent\" data-id=\"4504999\" data-element_type=\"container\" data-e-type=\"container\">\n\t\t<div class=\"elementor-element elementor-element-0748f29 e-con-full elementor-hidden-mobile e-flex e-con e-child\" data-id=\"0748f29\" data-element_type=\"container\" data-e-type=\"container\" data-settings=\"{&quot;background_background&quot;:&quot;classic&quot;}\">\n\t\t\t\t<\/div>\n\t\t<div class=\"elementor-element elementor-element-37843ce e-con-full e-flex e-con e-child\" data-id=\"37843ce\" data-element_type=\"container\" data-e-type=\"container\">\n\t\t\t\t<div class=\"elementor-element elementor-element-8537832 elementor-button-align-start elementor-widget elementor-widget-global elementor-global-147 elementor-widget-form\" data-id=\"8537832\" data-element_type=\"widget\" data-e-type=\"widget\" data-settings=\"{&quot;step_next_label&quot;:&quot;ENVIAR&quot;,&quot;step_previous_label&quot;:&quot;Previous&quot;,&quot;button_width&quot;:&quot;100&quot;,&quot;step_type&quot;:&quot;number_text&quot;,&quot;step_icon_shape&quot;:&quot;circle&quot;}\" data-widget_type=\"form.default\">\n\t\t\t\t<div class=\"elementor-widget-container\">\n\t\t\t\t\t\t\t<form class=\"elementor-form\" method=\"post\" name=\"Reservar Inicio\" aria-label=\"Reservar Inicio\">\n\t\t\t<input type=\"hidden\" name=\"post_id\" value=\"23\"\/>\n\t\t\t<input type=\"hidden\" name=\"form_id\" value=\"8537832\"\/>\n\t\t\t<input type=\"hidden\" name=\"referer_title\" value=\"La Plazita Tattoo\" \/>\n\n\t\t\t\n\t\t\t<div class=\"elementor-form-fields-wrapper elementor-labels-\">\n\t\t\t\t\t\t\t\t<div class=\"elementor-field-type-text elementor-field-group elementor-column elementor-field-group-name elementor-col-100 elementor-field-required\">\n\t\t\t\t\t\t\t\t\t\t\t\t<label for=\"form-field-name\" class=\"elementor-field-label elementor-screen-only\">\n\t\t\t\t\t\t\t\tNombre y Apellidos\t\t\t\t\t\t\t<\/label>\n\t\t\t\t\t\t\t\t\t\t\t\t\t\t<input size=\"1\" type=\"text\" name=\"form_fields[name]\" id=\"form-field-name\" class=\"elementor-field elementor-size-sm  elementor-field-textual\" placeholder=\"Nombre y Apellidos\" required=\"required\">\n\t\t\t\t\t\t\t\t\t\t\t<\/div>\n\t\t\t\t\t\t\t\t<div class=\"elementor-field-type-email elementor-field-group elementor-column elementor-field-group-email elementor-col-100 elementor-field-required\">\n\t\t\t\t\t\t\t\t\t\t\t\t<label for=\"form-field-email\" class=\"elementor-field-label elementor-screen-only\">\n\t\t\t\t\t\t\t\tEmail\t\t\t\t\t\t\t<\/label>\n\t\t\t\t\t\t\t\t\t\t\t\t\t\t<input size=\"1\" type=\"email\" name=\"form_fields[email]\" id=\"form-field-email\" class=\"elementor-field elementor-size-sm  elementor-field-textual\" placeholder=\"Email\" required=\"required\">\n\t\t\t\t\t\t\t\t\t\t\t<\/div>\n\t\t\t\t\t\t\t\t<div class=\"elementor-field-type-text elementor-field-group elementor-column elementor-field-group-field_ea4e983 elementor-col-100 elementor-field-required\">\n\t\t\t\t\t\t\t\t\t\t\t\t<label for=\"form-field-field_ea4e983\" class=\"elementor-field-label elementor-screen-only\">\n\t\t\t\t\t\t\t\tZONA A TATUAR\t\t\t\t\t\t\t<\/label>\n\t\t\t\t\t\t\t\t\t\t\t\t\t\t<input size=\"1\" type=\"text\" name=\"form_fields[field_ea4e983]\" id=\"form-field-field_ea4e983\" class=\"elementor-field elementor-size-sm  elementor-field-textual\" placeholder=\"ZONA A TATUAR\" required=\"required\">\n\t\t\t\t\t\t\t\t\t\t\t<\/div>\n\t\t\t\t\t\t\t\t<div class=\"elementor-field-type-text elementor-field-group elementor-column elementor-field-group-field_ea4e983 elementor-col-100 elementor-field-required\">\n\t\t\t\t\t\t\t\t\t\t\t\t<label for=\"form-field-field_ea4e983\" class=\"elementor-field-label elementor-screen-only\">\n\t\t\t\t\t\t\t\tTAMA\u00d1O APROXIMADO EN CM\t\t\t\t\t\t\t<\/label>\n\t\t\t\t\t\t\t\t\t\t\t\t\t\t<input size=\"1\" type=\"text\" name=\"form_fields[field_ea4e983]\" id=\"form-field-field_ea4e983\" class=\"elementor-field elementor-size-sm  elementor-field-textual\" placeholder=\"TAMA\u00d1O APROXIMADO EN CM\" required=\"required\">\n\t\t\t\t\t\t\t\t\t\t\t<\/div>\n\t\t\t\t\t\t\t\t<div class=\"elementor-field-type-text elementor-field-group elementor-column elementor-field-group-field_ea4e983 elementor-col-100 elementor-field-required\">\n\t\t\t\t\t\t\t\t\t\t\t\t<label for=\"form-field-field_ea4e983\" class=\"elementor-field-label elementor-screen-only\">\n\t\t\t\t\t\t\t\tESTILO TATUAJE\t\t\t\t\t\t\t<\/label>\n\t\t\t\t\t\t\t\t\t\t\t\t\t\t<input size=\"1\" type=\"text\" name=\"form_fields[field_ea4e983]\" id=\"form-field-field_ea4e983\" class=\"elementor-field elementor-size-sm  elementor-field-textual\" placeholder=\"ESTILO TATUAJE\" required=\"required\">\n\t\t\t\t\t\t\t\t\t\t\t<\/div>\n\t\t\t\t\t\t\t\t<div class=\"elementor-field-type-textarea elementor-field-group elementor-column elementor-field-group-message elementor-col-100 elementor-field-required\">\n\t\t\t\t\t\t\t\t\t\t\t\t<label for=\"form-field-message\" class=\"elementor-field-label elementor-screen-only\">\n\t\t\t\t\t\t\t\tIDEA DEL TATUAJE\t\t\t\t\t\t\t<\/label>\n\t\t\t\t\t\t<textarea class=\"elementor-field-textual elementor-field  elementor-size-sm\" name=\"form_fields[message]\" id=\"form-field-message\" rows=\"4\" placeholder=\"IDEA DEL TATUAJE\" required=\"required\"><\/textarea>\t\t\t\t<\/div>\n\t\t\t\t\t\t\t\t<div class=\"elementor-field-type-upload elementor-field-group elementor-column elementor-field-group-field_f190234 elementor-col-50 elementor-field-required\">\n\t\t\t\t\t\t\t\t\t\t\t\t<label for=\"form-field-field_f190234\" class=\"elementor-field-label elementor-screen-only\">\n\t\t\t\t\t\t\t\tADJUNTAR IM\u00c1GENES DE REFERENCIA\t\t\t\t\t\t\t<\/label>\n\t\t\t\t\t\t\t\t<input type=\"file\" name=\"form_fields[field_f190234][]\" id=\"form-field-field_f190234\" class=\"elementor-field elementor-size-sm  elementor-upload-field\" required=\"required\" multiple=\"multiple\">\n\n\t\t\t\t\t\t<\/div>\n\t\t\t\t\t\t\t\t<div class=\"elementor-field-type-recaptcha_v3 elementor-field-group elementor-column elementor-field-group-field_0342dac elementor-col-100 recaptcha_v3-inline\">\n\t\t\t\t\t<div class=\"elementor-field\" id=\"form-field-field_0342dac\"><div class=\"elementor-g-recaptcha\" data-sitekey=\"6LfILb8pAAAAAEzultN9sX9LyvCrqno7grF8-8Pu\" data-type=\"v3\" data-action=\"Form\" data-badge=\"inline\" data-size=\"invisible\"><\/div><\/div>\t\t\t\t<\/div>\n\t\t\t\t\t\t\t\t<div class=\"elementor-field-type-acceptance elementor-field-group elementor-column elementor-field-group-field_c994322 elementor-col-100 elementor-field-required\">\n\t\t\t\t\t\t\t<div class=\"elementor-field-subgroup\">\n\t\t\t<span class=\"elementor-field-option\">\n\t\t\t\t<input type=\"checkbox\" name=\"form_fields[field_c994322]\" id=\"form-field-field_c994322\" class=\"elementor-field elementor-size-sm  elementor-acceptance-field\" required=\"required\">\n\t\t\t\t<label for=\"form-field-field_c994322\">He le\u00eddo y acepto la <a style=\"color:#000;font-weight: bold;\"  href=\"https:\/\/laplazitatattoo.com\/politica-de-privacidad\" target=\"_blank\">pol\u00edtica de privacidad<a><\/a><\/label>\t\t\t<\/span>\n\t\t<\/div>\n\t\t\t\t\t\t<\/div>\n\t\t\t\t\t\t\t\t<div class=\"elementor-field-group elementor-column elementor-field-type-submit elementor-col-100 e-form__buttons\">\n\t\t\t\t\t<button class=\"elementor-button elementor-size-sm\" type=\"submit\">\n\t\t\t\t\t\t<span class=\"elementor-button-content-wrapper\">\n\t\t\t\t\t\t\t\t\t\t\t\t\t\t\t\t\t\t\t\t\t\t<span class=\"elementor-button-text\">ENVIAR<\/span>\n\t\t\t\t\t\t\t\t\t\t\t\t\t<\/span>\n\t\t\t\t\t<\/button>\n\t\t\t\t<\/div>\n\t\t\t<\/div>\n\t\t<\/form>\n\t\t\t\t\t\t<\/div>\n\t\t\t\t<\/div>\n\t\t\t\t<\/div>\n\t\t\t\t<\/div>\n\t\t\t\t<\/div>\n\t\t","protected":false},"excerpt":{"rendered":"<p>BOOK APPOINTMENT<\/p>","protected":false},"author":1,"featured_media":0,"parent":0,"menu_order":0,"comment_status":"closed","ping_status":"closed","template":"","meta":{"footnotes":""},"class_list":["post-23","page","type-page","status-publish","hentry"],"yoast_head":"<!-- This site is optimized with the Yoast SEO plugin v27.5 - https:\/\/yoast.com\/product\/yoast-seo-wordpress\/ -->\n<title>Reservar Cita - La Plazita Tattoo<\/title>\n<meta name=\"description\" content=\"Reserva tu cita con Danny Tri\u00e1ngulo Tattoo en Palencia para obtener un tatuaje personalizado y profesional. F\u00e1cil y r\u00e1pido. Transforma tu idea en arte hoy mismo.\" \/>\n<meta name=\"robots\" content=\"index, follow, max-snippet:-1, max-image-preview:large, max-video-preview:-1\" \/>\n<link rel=\"canonical\" href=\"https:\/\/laplazitatattoo.com\/en\/reservar-cita\/\" \/>\n<meta property=\"og:locale\" content=\"en_GB\" \/>\n<meta property=\"og:type\" content=\"article\" \/>\n<meta property=\"og:title\" content=\"Reservar Cita - La Plazita Tattoo\" \/>\n<meta property=\"og:description\" content=\"Reserva tu cita con Danny Tri\u00e1ngulo Tattoo en Palencia para obtener un tatuaje personalizado y profesional. F\u00e1cil y r\u00e1pido. Transforma tu idea en arte hoy mismo.\" \/>\n<meta property=\"og:url\" content=\"https:\/\/laplazitatattoo.com\/en\/reservar-cita\/\" \/>\n<meta property=\"og:site_name\" content=\"La Plazita Tattoo\" \/>\n<meta property=\"article:modified_time\" content=\"2024-05-28T08:04:40+00:00\" \/>\n<meta name=\"twitter:card\" content=\"summary_large_image\" \/>\n<meta name=\"twitter:label1\" content=\"Estimated reading time\" \/>\n\t<meta name=\"twitter:data1\" content=\"1 minute\" \/>\n<script type=\"application\/ld+json\" class=\"yoast-schema-graph\">{\"@context\":\"https:\\\/\\\/schema.org\",\"@graph\":[{\"@type\":\"WebPage\",\"@id\":\"https:\\\/\\\/laplazitatattoo.com\\\/reservar-cita\\\/\",\"url\":\"https:\\\/\\\/laplazitatattoo.com\\\/reservar-cita\\\/\",\"name\":\"Reservar Cita - La Plazita Tattoo\",\"isPartOf\":{\"@id\":\"https:\\\/\\\/laplazitatattoo.com\\\/#website\"},\"datePublished\":\"2024-04-18T08:06:37+00:00\",\"dateModified\":\"2024-05-28T08:04:40+00:00\",\"description\":\"Reserva tu cita con Danny Tri\u00e1ngulo Tattoo en Palencia para obtener un tatuaje personalizado y profesional. F\u00e1cil y r\u00e1pido. Transforma tu idea en arte hoy mismo.\",\"breadcrumb\":{\"@id\":\"https:\\\/\\\/laplazitatattoo.com\\\/reservar-cita\\\/#breadcrumb\"},\"inLanguage\":\"en-GB\",\"potentialAction\":[{\"@type\":\"ReadAction\",\"target\":[\"https:\\\/\\\/laplazitatattoo.com\\\/reservar-cita\\\/\"]}]},{\"@type\":\"BreadcrumbList\",\"@id\":\"https:\\\/\\\/laplazitatattoo.com\\\/reservar-cita\\\/#breadcrumb\",\"itemListElement\":[{\"@type\":\"ListItem\",\"position\":1,\"name\":\"Portada\",\"item\":\"https:\\\/\\\/laplazitatattoo.com\\\/\"},{\"@type\":\"ListItem\",\"position\":2,\"name\":\"Reservar Cita\"}]},{\"@type\":\"WebSite\",\"@id\":\"https:\\\/\\\/laplazitatattoo.com\\\/#website\",\"url\":\"https:\\\/\\\/laplazitatattoo.com\\\/\",\"name\":\"La Plazita Tattoo\",\"description\":\"Tatuador\",\"publisher\":{\"@id\":\"https:\\\/\\\/laplazitatattoo.com\\\/#organization\"},\"potentialAction\":[{\"@type\":\"SearchAction\",\"target\":{\"@type\":\"EntryPoint\",\"urlTemplate\":\"https:\\\/\\\/laplazitatattoo.com\\\/?s={search_term_string}\"},\"query-input\":{\"@type\":\"PropertyValueSpecification\",\"valueRequired\":true,\"valueName\":\"search_term_string\"}}],\"inLanguage\":\"en-GB\"},{\"@type\":\"Organization\",\"@id\":\"https:\\\/\\\/laplazitatattoo.com\\\/#organization\",\"name\":\"La Plazita Tattoo\",\"url\":\"https:\\\/\\\/laplazitatattoo.com\\\/\",\"logo\":{\"@type\":\"ImageObject\",\"inLanguage\":\"en-GB\",\"@id\":\"https:\\\/\\\/laplazitatattoo.com\\\/#\\\/schema\\\/logo\\\/image\\\/\",\"url\":\"https:\\\/\\\/laplazitatattoo.com\\\/wp-content\\\/uploads\\\/2024\\\/04\\\/cropped-image.png\",\"contentUrl\":\"https:\\\/\\\/laplazitatattoo.com\\\/wp-content\\\/uploads\\\/2024\\\/04\\\/cropped-image.png\",\"width\":512,\"height\":512,\"caption\":\"La Plazita Tattoo\"},\"image\":{\"@id\":\"https:\\\/\\\/laplazitatattoo.com\\\/#\\\/schema\\\/logo\\\/image\\\/\"}}]}<\/script>\n<!-- \/ Yoast SEO plugin. -->","yoast_head_json":{"title":"Reservar Cita - La Plazita Tattoo","description":"Reserva tu cita con Danny Tri\u00e1ngulo Tattoo en Palencia para obtener un tatuaje personalizado y profesional. F\u00e1cil y r\u00e1pido. Transforma tu idea en arte hoy mismo.","robots":{"index":"index","follow":"follow","max-snippet":"max-snippet:-1","max-image-preview":"max-image-preview:large","max-video-preview":"max-video-preview:-1"},"canonical":"https:\/\/laplazitatattoo.com\/en\/reservar-cita\/","og_locale":"en_GB","og_type":"article","og_title":"Reservar Cita - La Plazita Tattoo","og_description":"Reserva tu cita con Danny Tri\u00e1ngulo Tattoo en Palencia para obtener un tatuaje personalizado y profesional. F\u00e1cil y r\u00e1pido. Transforma tu idea en arte hoy mismo.","og_url":"https:\/\/laplazitatattoo.com\/en\/reservar-cita\/","og_site_name":"La Plazita Tattoo","article_modified_time":"2024-05-28T08:04:40+00:00","twitter_card":"summary_large_image","twitter_misc":{"Estimated reading time":"1 minute"},"schema":{"@context":"https:\/\/schema.org","@graph":[{"@type":"WebPage","@id":"https:\/\/laplazitatattoo.com\/reservar-cita\/","url":"https:\/\/laplazitatattoo.com\/reservar-cita\/","name":"Reservar Cita - La Plazita Tattoo","isPartOf":{"@id":"https:\/\/laplazitatattoo.com\/#website"},"datePublished":"2024-04-18T08:06:37+00:00","dateModified":"2024-05-28T08:04:40+00:00","description":"Reserva tu cita con Danny Tri\u00e1ngulo Tattoo en Palencia para obtener un tatuaje personalizado y profesional. F\u00e1cil y r\u00e1pido. Transforma tu idea en arte hoy mismo.","breadcrumb":{"@id":"https:\/\/laplazitatattoo.com\/reservar-cita\/#breadcrumb"},"inLanguage":"en-GB","potentialAction":[{"@type":"ReadAction","target":["https:\/\/laplazitatattoo.com\/reservar-cita\/"]}]},{"@type":"BreadcrumbList","@id":"https:\/\/laplazitatattoo.com\/reservar-cita\/#breadcrumb","itemListElement":[{"@type":"ListItem","position":1,"name":"Portada","item":"https:\/\/laplazitatattoo.com\/"},{"@type":"ListItem","position":2,"name":"Reservar Cita"}]},{"@type":"WebSite","@id":"https:\/\/laplazitatattoo.com\/#website","url":"https:\/\/laplazitatattoo.com\/","name":"La Plazita Tattoo","description":"Tatuador","publisher":{"@id":"https:\/\/laplazitatattoo.com\/#organization"},"potentialAction":[{"@type":"SearchAction","target":{"@type":"EntryPoint","urlTemplate":"https:\/\/laplazitatattoo.com\/?s={search_term_string}"},"query-input":{"@type":"PropertyValueSpecification","valueRequired":true,"valueName":"search_term_string"}}],"inLanguage":"en-GB"},{"@type":"Organization","@id":"https:\/\/laplazitatattoo.com\/#organization","name":"La Plazita Tattoo","url":"https:\/\/laplazitatattoo.com\/","logo":{"@type":"ImageObject","inLanguage":"en-GB","@id":"https:\/\/laplazitatattoo.com\/#\/schema\/logo\/image\/","url":"https:\/\/laplazitatattoo.com\/wp-content\/uploads\/2024\/04\/cropped-image.png","contentUrl":"https:\/\/laplazitatattoo.com\/wp-content\/uploads\/2024\/04\/cropped-image.png","width":512,"height":512,"caption":"La Plazita Tattoo"},"image":{"@id":"https:\/\/laplazitatattoo.com\/#\/schema\/logo\/image\/"}}]}},"_links":{"self":[{"href":"https:\/\/laplazitatattoo.com\/en\/wp-json\/wp\/v2\/pages\/23","targetHints":{"allow":["GET"]}}],"collection":[{"href":"https:\/\/laplazitatattoo.com\/en\/wp-json\/wp\/v2\/pages"}],"about":[{"href":"https:\/\/laplazitatattoo.com\/en\/wp-json\/wp\/v2\/types\/page"}],"author":[{"embeddable":true,"href":"https:\/\/laplazitatattoo.com\/en\/wp-json\/wp\/v2\/users\/1"}],"replies":[{"embeddable":true,"href":"https:\/\/laplazitatattoo.com\/en\/wp-json\/wp\/v2\/comments?post=23"}],"version-history":[{"count":0,"href":"https:\/\/laplazitatattoo.com\/en\/wp-json\/wp\/v2\/pages\/23\/revisions"}],"wp:attachment":[{"href":"https:\/\/laplazitatattoo.com\/en\/wp-json\/wp\/v2\/media?parent=23"}],"curies":[{"name":"wp","href":"https:\/\/api.w.org\/{rel}","templated":true}]}}